{"id":15,"date":"2025-03-19T08:22:50","date_gmt":"2025-03-19T08:22:50","guid":{"rendered":"https:\/\/kaleidon-tribiotic.ch\/?page_id=15"},"modified":"2026-04-08T11:38:37","modified_gmt":"2026-04-08T11:38:37","slug":"kaleidon","status":"publish","type":"page","link":"https:\/\/kaleidon-tribiotic.ch\/fr\/","title":{"rendered":"Kaleidon"},"content":{"rendered":"<div class=\"wp-bootstrap-blocks-container container-fluid mb-2 bg_header pb-5 pt-5\">\n\t\n<div class=\"wp-bootstrap-blocks-container container mb-2\">\n\t\n\n<p><a href=\"#\" class=\"jetzt-kaufen-mobil kaufen-shops d-block d-md-none\" data-bs-toggle=\"modal\" data-bs-target=\"#shopModal\">Acheter maintenant<\/a><\/p>\n\n\n\n<h1 class=\"wp-block-heading\">Qu\u2019est-ce que <span>KALEIDON<\/span> TRIBIOTIC+?<br>Eh bien, demandez \u00e0 vos intestins.<\/h1>\n\n\n<div class=\"wp-bootstrap-blocks-row row kmf-row\">\n\t\n\n<div class=\"col-12 col-md-8\">\n\t\t\t\n\n<h3 class=\"wp-block-heading mb-3 text-uppercase\">LES COMPRENDRE N\u2019EST PAS SI COMPLIQU\u00c9.<\/h3>\n\n\n\n<p>Les intestins grouillent de milliards de cellules immunitaires: ils ne sont donc pas seulement un organe digestif, mais aussi un \u00aborgane immunitaire\u00bb important.<sup>1<\/sup><\/p>\n\n\t<\/div>\n\n\n\n<div class=\"col-12 col-md-4 s2\">\n\t\t\t<div class=\"h-100 d-flex flex-column justify-content-center\">\n\t\t\t\n\n<div class=\"h-100 d-flex flex-column justify-content-center align-items-center\">\n\n    <div class=\"hefe-circle d-flex justify-content-center align-items-center\">\n      <div class=\"hefe-text\"><span style=\"font-size:70px\"><span style=\"font-size:34px\">NOUVEAU<\/span><\/span>\n      <\/div>\n    <\/div>\n  \n<\/div>\n\n\t\t<\/div>\n\t<\/div>\n\n<\/div>\n\n<\/div>\n\n<\/div>\n\n\n<div class=\"wp-bootstrap-blocks-container container-fluid mb-2 packshot mb-5 pb-5\">\n\t\n<div class=\"wp-bootstrap-blocks-container container mb-2\">\n\t\n\n<figure class=\"wp-block-image size-full\"><img loading=\"lazy\" decoding=\"async\" width=\"2500\" height=\"1259\" class=\"img-fluid\" src=\"https:\/\/kaleidon-tribiotic.ch\/wp-content\/uploads\/2025\/04\/packshot-1.webp\" alt=\"\" srcset=\"https:\/\/kaleidon-tribiotic.ch\/wp-content\/uploads\/2025\/04\/packshot-1.webp 2500w, https:\/\/kaleidon-tribiotic.ch\/wp-content\/uploads\/2025\/04\/packshot-1-300x151.webp 300w, https:\/\/kaleidon-tribiotic.ch\/wp-content\/uploads\/2025\/04\/packshot-1-1024x516.webp 1024w, https:\/\/kaleidon-tribiotic.ch\/wp-content\/uploads\/2025\/04\/packshot-1-768x387.webp 768w, https:\/\/kaleidon-tribiotic.ch\/wp-content\/uploads\/2025\/04\/packshot-1-1536x774.webp 1536w, https:\/\/kaleidon-tribiotic.ch\/wp-content\/uploads\/2025\/04\/packshot-1-2048x1031.webp 2048w\" sizes=\"auto, (max-width: 2500px) 100vw, 2500px\" \/><\/figure>\n\n\n\n<p class=\"has-text-align-center unter-packshot\" id=\"zink\"><span>KALEIDON<\/span> TRIBIOTIC+ associe le zinc, qui est absorb\u00e9 dans l\u2019intestin, \u00e0 notre levure unique<sup>#<\/sup>. Le zinc est un oligo-\u00e9l\u00e9ment essentiel qui contribue \u00e0 une fonction normale du syst\u00e8me immunitaire et \u00e0 un m\u00e9tabolisme normal des macronutriments.<\/p>\n\n<\/div>\n\n<\/div>\n\n\n<div class=\"wp-bootstrap-blocks-container container-fluid mb-2 block-nahrung mt-5 mb-5\">\n\t\n<div class=\"wp-bootstrap-blocks-container container mb-2\">\n\t\n\n<h3 class=\"wp-block-heading\" id=\"nahrungsergaenzung\">COMPL\u00c9MENT ALIMENTAIRE AVEC KALEIDON TRIBIOTIC+<\/h3>\n\n\n\n<p class=\"sub mb-5\">Le choix facile<\/p>\n\n\n<div class=\"wp-bootstrap-blocks-row row  d-flex align-items-center\">\n\t\n\n<div class=\"col-12 col-md-6 d-flex flex-column justify-content-center\">\n\t\t\t\n<div class=\"wp-bootstrap-blocks-row row reihe-icon\">\n\t\n\n<div class=\"col-12 col-md-4  d-flex align-items-center\">\n\t\t\t\n\n<figure class=\"wp-block-image size-large\"><img loading=\"lazy\" decoding=\"async\" width=\"140\" height=\"141\" class=\"img-fluid\" src=\"https:\/\/kaleidon-tribiotic.ch\/wp-content\/uploads\/2025\/04\/icon1-1.svg\" alt=\"\"\/><\/figure>\n\n\t<\/div>\n\n\n\n<div class=\"col-12 col-md-8  d-flex align-items-center tab-nahrung-text\">\n\t\t\t\n\n<p><strong>Posologie facile<\/strong>\u2028<br>1 g\u00e9lule par jour<\/p>\n\n\t<\/div>\n\n<\/div>\n\n\n<div class=\"wp-bootstrap-blocks-row row reihe-icon\">\n\t\n\n<div class=\"col-12 col-md-4  d-flex align-items-center\">\n\t\t\t\n\n<figure class=\"wp-block-image size-large\"><img loading=\"lazy\" decoding=\"async\" width=\"140\" height=\"141\" class=\"img-fluid\" src=\"http:\/\/kaleidon-tribiotic.ch\/wp-content\/uploads\/2025\/04\/icon2-1.svg\" alt=\"\"\/><\/figure>\n\n\t<\/div>\n\n\n\n<div class=\"col-12 col-md-8  d-flex align-items-center tab-nahrung-text\">\n\t\t\t\n\n<p><strong>Planification facile<\/strong><br>Prise simultan\u00e9e possible avec des antibiotiques<\/p>\n\n\t<\/div>\n\n<\/div>\n\n\n<div class=\"wp-bootstrap-blocks-row row reihe-icon\">\n\t\n\n<div class=\"col-12 col-md-4  d-flex align-items-center\">\n\t\t\t\n\n<figure class=\"wp-block-image size-large\"><img loading=\"lazy\" decoding=\"async\" width=\"140\" height=\"136\" class=\"img-fluid\" src=\"http:\/\/kaleidon-tribiotic.ch\/wp-content\/uploads\/2025\/04\/icon3-1.svg\" alt=\"\"\/><\/figure>\n\n\t<\/div>\n\n\n\n<div class=\"col-12 col-md-8  d-flex align-items-center tab-nahrung-text\">\n\t\t\t\n\n<p><strong>D\u00e9cision facile<\/strong>\u2028<br>Compatible avec de nombreux besoins alimentaires: v\u00e9g\u00e9talien, sans lactose, sans gluten<\/p>\n\n\t<\/div>\n\n<\/div>\n\n\t<\/div>\n\n\n\n<div class=\"col-12 col-md-6  d-flex align-items-center\">\n\t\t\t\n\n<figure class=\"wp-block-image size-full\"><img loading=\"lazy\" decoding=\"async\" width=\"1052\" height=\"996\" class=\"img-fluid\" src=\"https:\/\/kaleidon-tribiotic.ch\/wp-content\/uploads\/2025\/04\/kaleidon-packshot-stoerer_fr.webp\" alt=\"\" srcset=\"https:\/\/kaleidon-tribiotic.ch\/wp-content\/uploads\/2025\/04\/kaleidon-packshot-stoerer_fr.webp 1052w, https:\/\/kaleidon-tribiotic.ch\/wp-content\/uploads\/2025\/04\/kaleidon-packshot-stoerer_fr-300x284.webp 300w, https:\/\/kaleidon-tribiotic.ch\/wp-content\/uploads\/2025\/04\/kaleidon-packshot-stoerer_fr-1024x969.webp 1024w, https:\/\/kaleidon-tribiotic.ch\/wp-content\/uploads\/2025\/04\/kaleidon-packshot-stoerer_fr-768x727.webp 768w, https:\/\/kaleidon-tribiotic.ch\/wp-content\/uploads\/2025\/04\/kaleidon-packshot-stoerer_fr-13x12.webp 13w\" sizes=\"auto, (max-width: 1052px) 100vw, 1052px\" \/><\/figure>\n\n\t<\/div>\n\n<\/div>\n\n\n\n<p class=\"has-text-align-center fussnote mt-4\">1: B. M. Br\u00f6ker et B. Fleischer, Grundwissen Immunologie, 5e \u00e9dition, Springer Spektrum. https:\/\/doi.org\/10.1007\/978-3-662-66424-7_1<br><em> # Kluyveromyces marxianus fragilis B0399<\/em><br> 1 g\u00e9lule par jour. Les compl\u00e9ments alimentaires ne remplacent pas une alimentation \u00e9quilibr\u00e9e et vari\u00e9e et un mode de vie sain.<\/p>\n\n<\/div>\n\n<\/div>\n\n\n<div class=\"wp-bootstrap-blocks-container container-fluid mb-0 bg_gruen pb-5 pt-5\">\n\t\n\n<h2 class=\"wp-block-heading has-text-align-center text-center mb-4\">Acheter <span>KALEIDON<\/span> TRIBIOTIC+ maintenant.<\/h2>\n\n\n\n<div class=\"text-center\">\n    <a href=\"#\" class=\"shop-button kaufen-shops\" data-bs-toggle=\"modal\" data-bs-target=\"#shopModal\">\n      Vers la boutique en ligne \n      <svg class=\"arrow\" xmlns=\"http:\/\/www.w3.org\/2000\/svg\" width=\"16\" height=\"16\" viewbox=\"0 0 24 24\" fill=\"none\">\n        <path d=\"M13.1719 5.03125C12.8906 4.75 12.8906 4.29688 13.1719 4.01562C13.4531 3.73438 13.9062 3.73438 14.1875 4.01562L21.4375 11.2656C21.7188 11.5469 21.7188 12 21.4375 12.2812L14.1875 19.5312C13.9062 19.8125 13.4531 19.8125 13.1719 19.5312C12.8906 19.25 12.8906 18.7969 13.1719 18.5156L19.4375 12.25H3C2.625 12.25 2.25 11.9375 2.25 11.5C2.25 11.125 2.625 10.75 3 10.75H19.4375L13.1719 5.03125Z\" fill=\"currentColor\"><\/path>\n      <\/svg>\n    <\/a>\n  <\/div>\n\n<\/div>\n\n\n<div class=\"wp-bootstrap-blocks-container container-fluid mb-0 bg_lila pb-5 pt-5\">\n\t\n<div class=\"wp-bootstrap-blocks-container container mb-0\">\n\t\n<div class=\"wp-bootstrap-blocks-container container-fluid mb-2 block-mikrobiom mt-5 mb-5\">\n\t\n<div class=\"wp-bootstrap-blocks-container container mb-2\">\n\t\n\n<h2 class=\"wp-block-heading big mb-4 pb-4\" id=\"mikrobiom\">LE MICROBIOME INTESTINAL<\/h2>\n\n\n\n<h3 class=\"wp-block-heading mt-4\">IL SE PASSE TOUJOURS QUELQUE CHOSE DANS LES INTESTINS!<\/h3>\n\n\n\n<p class=\"mb-5 translation-block\">Les intestins ne sont pas seulement notre organe de la digestion. Ils constituent \u00e9galement un espace de vie pour des milliards de minuscules \u00eatres vivants que l\u2019on appelle des micro-organismes: <strong>des bact\u00e9ries, des virus, des levures et des\nchampignons.<\/strong> On appelle <strong>microbiome<\/strong> la totalit\u00e9 des micro-organismes qui vivent\ndans et sur notre corps.<\/p>\n\n\n\n<h3 class=\"wp-block-heading\" id=\"mikrobiom\">QUE FAIT LE MICROBIOME DANS LES INTESTINS?<\/h3>\n\n\n\n<p class=\"mb-5\">Un microbiome intestinal sain est important pour notre sant\u00e9: de nombreuses\nrecherches ont \u00e9t\u00e9 men\u00e9es \u00e0 ce sujet! \u00c0 quoi ressemble une flore intestinale saine?\nIl n\u2019est pas possible d\u2019apporter une r\u00e9ponse g\u00e9n\u00e9rale \u00e0 cette question. En effet, la\ncomposition en micro-organismes du microbiome est propre \u00e0 chaque personne.\nCependant, il est g\u00e9n\u00e9ralement admis que plus le microbiome est diversifi\u00e9, mieux\nc\u2019est! Mais le microbiome n\u2019est pas fig\u00e9: il se modifie en permanence, par exemple en\nfonction de ce que nous mangeons, de l\u2019environnement dans lequel nous vivons\nou de notre \u00e2ge.<\/p>\n\n\n\n<p class=\"sub mb-5\">Notre microbiome intestinal remplit de nombreuses fonctions:<\/p>\n\n\n<div class=\"wp-bootstrap-blocks-row row\">\n\t\n\n<div class=\"col-12 col-md-6\">\n\t\t\t\n<div class=\"wp-bootstrap-blocks-row row mb-4 reihe-icon\">\n\t\n\n<div class=\"col-12 col-md-4  d-flex align-items-center ps-0 pe-0 ps-md-3 pe-md-3\">\n\t\t\t\n\n<figure class=\"wp-block-image size-large\"><img loading=\"lazy\" decoding=\"async\" width=\"76\" height=\"76\" class=\"img-fluid\" src=\"https:\/\/kaleidon-tribiotic.ch\/wp-content\/uploads\/2025\/04\/blau1.svg\" alt=\"\"\/><\/figure>\n\n\t<\/div>\n\n\n\n<div class=\"col-12 col-md-8  d-flex align-items-center tab-nahrung-text\">\n\t\t\t\n\n<p><strong>Digestion et m\u00e9tabolisme:<\/strong><br>Aide \u00e0 la d\u00e9composition et \u00e0 l\u2019utilisation des nutriments et influence l\u2019absorption des graisses et du sucre dans l\u2019organisme.<\/p>\n\n\t<\/div>\n\n<\/div>\n\n\n<div class=\"wp-bootstrap-blocks-row row mb-4 reihe-icon\">\n\t\n\n<div class=\"col-12 col-md-4  d-flex align-items-center ps-0 pe-0 ps-md-3 pe-md-3\">\n\t\t\t\n\n<figure class=\"wp-block-image size-large\"><img loading=\"lazy\" decoding=\"async\" width=\"76\" height=\"76\" class=\"img-fluid\" src=\"https:\/\/kaleidon-tribiotic.ch\/wp-content\/uploads\/2025\/04\/blau3.svg\" alt=\"\"\/><\/figure>\n\n\t<\/div>\n\n\n\n<div class=\"col-12 col-md-8  d-flex align-items-center tab-nahrung-text\">\n\t\t\t\n\n<p><strong>Sant\u00e9 mentale:<\/strong>\u2028<br>Influence notre comportement et notre humeur par l\u2019interm\u00e9diaire de ce que l\u2019on appelle \u00abl\u2019axe intestin-cerveau\u00bb, en communiquant avec le cerveau par la circulation sanguine et le syst\u00e8me nerveux.<\/p>\n\n\t<\/div>\n\n<\/div>\n\n\t<\/div>\n\n\n\n<div class=\"col-12 col-md-6\">\n\t\t\t\n<div class=\"wp-bootstrap-blocks-row row mb-4 reihe-icon\">\n\t\n\n<div class=\"col-12 col-md-4  d-flex align-items-center ps-0 pe-0 ps-md-3 pe-md-3\">\n\t\t\t\n\n<figure class=\"wp-block-image size-large\"><img loading=\"lazy\" decoding=\"async\" width=\"76\" height=\"76\" class=\"img-fluid\" src=\"https:\/\/kaleidon-tribiotic.ch\/wp-content\/uploads\/2025\/04\/blau4.svg\" alt=\"\"\/><\/figure>\n\n\t<\/div>\n\n\n\n<div class=\"col-12 col-md-8  d-flex align-items-center tab-nahrung-text\">\n\t\t\t\n\n<p><strong>Syst\u00e8me immunitaire:<\/strong>\u2028<br>Les intestins constituent notre plus grand organe immunitaire et les micro-organismes participent \u00e0 la d\u00e9fense contre les organismes ind\u00e9sirables.<\/p>\n\n\t<\/div>\n\n<\/div>\n\n\n<div class=\"wp-bootstrap-blocks-row row reihe-icon\">\n\t\n\n<div class=\"col-12 col-md-4  d-flex align-items-center ps-0 pe-0 ps-md-3 pe-md-3\">\n\t\t\t\n\n<figure class=\"wp-block-image size-large\"><img loading=\"lazy\" decoding=\"async\" width=\"76\" height=\"76\" class=\"img-fluid\" src=\"https:\/\/kaleidon-tribiotic.ch\/wp-content\/uploads\/2025\/04\/blau5.svg\" alt=\"\"\/><\/figure>\n\n\t<\/div>\n\n\n\n<div class=\"col-12 col-md-8  d-flex align-items-center tab-nahrung-text\">\n\t\t\t\n\n<p><strong>Barri\u00e8re intestinale:<\/strong>\u2028<br>Soutient la fonction de la paroi intestinale, afin de maintenir \u00e0 distance les substances nocives ou les organismes ind\u00e9sirables.<\/p>\n\n\t<\/div>\n\n<\/div>\n\n\t<\/div>\n\n<\/div>\n\n<\/div>\n\n<\/div>\n\n<\/div>\n\n<\/div>","protected":false},"excerpt":{"rendered":"","protected":false},"author":1,"featured_media":0,"parent":0,"menu_order":0,"comment_status":"closed","ping_status":"closed","template":"","meta":{"_acf_changed":false,"inline_featured_image":false,"footnotes":""},"class_list":["post-15","page","type-page","status-publish","hentry"],"acf":[],"_links":{"self":[{"href":"https:\/\/kaleidon-tribiotic.ch\/fr\/wp-json\/wp\/v2\/pages\/15","targetHints":{"allow":["GET"]}}],"collection":[{"href":"https:\/\/kaleidon-tribiotic.ch\/fr\/wp-json\/wp\/v2\/pages"}],"about":[{"href":"https:\/\/kaleidon-tribiotic.ch\/fr\/wp-json\/wp\/v2\/types\/page"}],"author":[{"embeddable":true,"href":"https:\/\/kaleidon-tribiotic.ch\/fr\/wp-json\/wp\/v2\/users\/1"}],"replies":[{"embeddable":true,"href":"https:\/\/kaleidon-tribiotic.ch\/fr\/wp-json\/wp\/v2\/comments?post=15"}],"version-history":[{"count":120,"href":"https:\/\/kaleidon-tribiotic.ch\/fr\/wp-json\/wp\/v2\/pages\/15\/revisions"}],"predecessor-version":[{"id":231,"href":"https:\/\/kaleidon-tribiotic.ch\/fr\/wp-json\/wp\/v2\/pages\/15\/revisions\/231"}],"wp:attachment":[{"href":"https:\/\/kaleidon-tribiotic.ch\/fr\/wp-json\/wp\/v2\/media?parent=15"}],"curies":[{"name":"wp","href":"https:\/\/api.w.org\/{rel}","templated":true}]}}