{"id":12,"date":"2025-03-19T08:22:24","date_gmt":"2025-03-19T08:22:24","guid":{"rendered":"https:\/\/kaleidon-tribiotic.ch\/?page_id=12"},"modified":"2025-04-10T14:43:31","modified_gmt":"2025-04-10T14:43:31","slug":"nutzungsbestimmungen","status":"publish","type":"page","link":"https:\/\/kaleidon-tribiotic.ch\/it\/nutzungsbestimmungen\/","title":{"rendered":"Condizioni di utilizzo"},"content":{"rendered":"<div class=\"wp-bootstrap-blocks-container container mb-2 mt-5\">\n\t\n\n<h1 class=\"wp-block-heading\">Condizioni di utilizzo<\/h1>\n\n\n\n<p>Termini e condizioni generali per l'accesso e l'utilizzo del sito web kaleidon-tribiotic.ch (il \"Sito Web\")<br>L'accesso, la consultazione e l'utilizzo di questo Sito Web sono soggetti ai termini e alle condizioni generali di seguito riportati (di seguito \"Termini e Condizioni\") e alle leggi e ai regolamenti applicabili.<br>Pertanto, con l'accesso, la consultazione e l'utilizzo del Sito l'utente\/visitatore accetta incondizionatamente i Termini e Condizioni e concorda sulla non validit\u00e0 e l'inefficacia di qualsiasi altro diverso accordo tra l'utente\/visitatore e Menarini. Questo Sito \u00e8 gestito da A. Menarini GmbH (\"Menarini\"), se del caso, anche per conto delle altre societ\u00e0 del Gruppo Menarini (\"Gruppo Menarini\").<\/p>\n\n\n\n<h3 class=\"wp-block-heading\">1. Propriet\u00e0 intellettuale<\/h3>\n\n\n\n<p>Menarini e\/o altre societ\u00e0 del Gruppo Menarini sono i proprietari o detengono i diritti d'uso di questo Sito Web, compresi i suoi contenuti, la grafica, i testi, gli elementi grafici e le immagini.\n(A)\tMARCHI DI FABBRICA. Tutti i nomi dei prodotti, che appaiono o meno in caratteri grandi o con il simbolo del marchio, sono marchi (registrati o di fatto, denominativi e\/o figurativi) e\/o segni distintivi di Menarini, delle sue affiliate, delle sue societ\u00e0 collegate o dei suoi licenziatari o partner di joint venture, se non diversamente indicato. L'uso o l'abuso di questi marchi o di qualsiasi altro materiale, ad eccezione di quanto consentito nei presenti Termini e Condizioni, \u00e8 espressamente vietato e pu\u00f2 costituire una violazione della legge sul copyright, della legge sui marchi, del codice penale, della legge sulla privacy, nonch\u00e9 dei regolamenti e degli statuti sulle comunicazioni. Nulla di quanto contenuto nei presenti Termini e Condizioni o nel Sito deve essere interpretato come concessione di una licenza o di altri diritti sulla propriet\u00e0 industriale e intellettuale del Gruppo Menarini o di terzi. Si ricorda che Menarini fa valere attivamente i propri diritti di propriet\u00e0 intellettuale nella misura massima consentita dalla legge.\n(B)\tDIRITTI D'AUTORE. L'intero contenuto del presente Sito \u00e8 soggetto a tutela del diritto d'autore. Copie dei contenuti del Sito Menarini non possono essere estratte per scopi commerciali o di lucro (neppure indiretto), ma solo per uso personale e riferimento individuale, conservando in ogni caso tutte le note di copyright o altri diritti di propriet\u00e0 ed evitando ulteriori copie, riproduzioni o ridistribuzioni. Salvo quanto espressamente previsto sopra \u00e8 in ogni caso vietato copiare, visualizzare, scaricare, distribuire, modificare, riprodurre, ripubblicare e\/o ritrasmettere qualsiasi immagine, informazione, testo, contenuto o documento contenuto in questo Sito, su qualsiasi supporto elettronico o cartaceo, o creare qualsiasi opera derivata basata sulle immagini, le informazioni, i testi, i contenuti o i documenti qui contenuti, senza l'espresso consenso scritto di Menarini. Nulla di quanto qui contenuto deve essere interpretato come conferimento, anche tacito, di una licenza o di un diritto di propriet\u00e0 industriale o intellettuale del Gruppo Menarini o di terzi.\nQualsiasi richiesta di autorizzazione all'uso o alla riproduzione dei contenuti, delle informazioni, dei marchi, dei segni distintivi o delle immagini grafiche presenti in questo Sito deve essere inviata a Menarini, secondo quanto indicato nella seguente sezione \"Contatti\".<\/p>\n\n\n\n<h3 class=\"wp-block-heading\">2. Utilizzo del Sito e dei contenuti riservati<\/h3>\n\n\n\n<p class=\"translation-block\">Il Sito contiene, tra l'altro, informazioni relative alle aree terapeutiche in cui Menarini e le altre societ\u00e0 del Gruppo Menarini operano attraverso le loro attivit\u00e0 di ricerca, sviluppo e commercializzazione, e l'accesso a tali informazioni \u00e8 riservato esclusivamente agli operatori dell\u2019area medica idonei, in conformit\u00e0 alle leggi e ai regolamenti applicabili. NESSUNA DELLE INFORMAZIONI SUCCESSIVE \u00c8 INTESA IN ALCUN MODO A FORNIRE CONSIGLI CLINICI O SANITARI; \u00e8 fornita solo a scopo informativo ed educativo generale ed \u00e8 (a) resa disponibile solo a professionisti del settore medico e (b) fornita previa registrazione e identificazione sul Sito. Gli utenti possono utilizzare il Sito solo in conformit\u00e0 alle leggi e ai regolamenti vigenti.\nIl download, la visualizzazione e la stampa delle informazioni o dei contenuti di questo Sito sono consentiti solo per uso personale. In assenza di consenso scritto da parte di Menarini, \u00e8 severamente vietato qualsiasi utilizzo delle informazioni e dei contenuti di questo Sito per scopi commerciali o di lucro (anche indiretto) e, in generale, qualsiasi utilizzo per scopi diversi da quelli personali.\nLa suddivisione di parti o sezioni di questo Sito e\/o l'incorporazione di tali parti o sezioni in altri siti web di terzi sono assolutamente ed espressamente vietate.\nAl visitatore\/utente del Sito non spetta alcun diritto di utilizzo economico di qualsiasi materiale ivi contenuto e sul quale Menarini e\/o le altre societ\u00e0 del Gruppo Menarini e\/o terzi rivendicano la titolarit\u00e0, a qualsiasi titolo, di diritti di propriet\u00e0 intellettuale e\/o industriale. Ci\u00f2 vale sia per marchi, brevetti, tecnologie, prodotti, processi, sia per qualsiasi altro diritto di propriet\u00e0 intellettuale di Menarini e\/o delle altre societ\u00e0 del Gruppo Menarini e\/o di terzi, cui si faccia riferimento nel Sito.\n\u00c8 severamente vietato l'invio di messaggi diffamatori, osceni, calunniosi o comunque contrari a qualsiasi disposizione di legge applicabile. A questo proposito, Menarini e le altre societ\u00e0 del Gruppo Menarini collaboreranno con le autorit\u00e0 competenti e ottempereranno tempestivamente alle misure volte a identificare coloro che commettono atti illeciti nell'invio di materiale al Sito.<\/p>\n\n\n\n<h3 class=\"wp-block-heading\">3. Esclusione di responsabilit\u00e0; garanzia<\/h3>\n\n\n\n<p class=\"translation-block\">Il Sito pu\u00f2 contenere informazioni su prodotti e servizi resi disponibili dal Gruppo Menarini a livello globale. Il riferimento a tali prodotti o servizi nel Sito Web non implica la loro disponibilit\u00e0 nel paese in cui il Sito Web viene visualizzato e consultato. \nMenarini compir\u00e0 ogni ragionevole sforzo per includere nel Sito informazioni accurate e aggiornate; tuttavia, MENARINI NON GARANTISCE ALCUN TIPO DI ACCURATEZZA, CORRETTEZZA O COMPLETEZZA. MENARINI NON RICONOSCE ALCUNA GARANZIA, ESPRESSA O IMPLICITA, INCLUSE LE GARANZIE DI COMMERCIABILIT\u00c0 O DI IDONEIT\u00c0 PER UNO SCOPO PARTICOLARE. \nGLI UTENTI\/VISITATORI ACCETTANO CHE L'ACCESSO E L'USO DI QUESTO SITO WEB, E DI QUALSIASI SUO CONTENUTO, \u00c8 A RISCHIO E PERICOLO DELL'UTENTE\/VISITATORE. RISCHIO PROPRIO E MENARINI NON SAR\u00c0 RESPONSABILE DI ALCUN DANNO DIRETTO, INDIRETTO, INCIDENTALE, CONSEQUENZIALE O PUNITIVO DERIVANTE DALL'ACCESSO, DALL'USO O DALL'IMPOSSIBILIT\u00c0 DI USARE QUESTO SITO WEB, O DA EVENTUALI ERRORI OD OMISSIONI NEL SUO CONTENUTO. QUESTA LIMITAZIONE INCLUDE I DANNI A, O PER QUALSIASI VIRUS CHE INFETTI, ALL'ATTREZZATURA INFORMATICA DELL'UTENTE\/VISITATORE. \nL'UTENTE\/VISITATORE ACCETTA DI INDENNIZZARE, DIFENDERE E MANLEVARE MENARINI, I SUOI FUNZIONARI, DIRETTORI, DIPENDENTI, AGENTI, FORNITORI E PARTNER TERZI DA E CONTRO TUTTE LE PERDITE, LE SPESE, I DANNI E I COSTI, COMPRESE LE RAGIONEVOLI SPESE LEGALI, DERIVANTI DA QUALSIASI VIOLAZIONE DEI PRESENTI TERMINI E CONDIZIONI DA PARTE DELL'UTENTE\/VISITATORE.\nMenarini e le altre societ\u00e0 del Gruppo Menarini, in caso di violazione dei presenti Termini e Condizioni, si riservano il diritto di intraprendere qualsiasi azione appropriata senza alcun preavviso, inclusa l'esclusione del visitatore\/utente da qualsiasi accesso presente e futuro al Sito e la rimozione di qualsiasi materiale pubblicato sul Sito, senza alcuna responsabilit\u00e0 di Menarini e\/o delle societ\u00e0 del Gruppo Menarini derivante da tale pubblicazione.\nIn ogni caso, Menarini e le altre societ\u00e0 del Gruppo Menarini si riservano il diritto di interrompere o sospendere la funzionalit\u00e0 del Sito in qualsiasi momento, senza alcuna responsabilit\u00e0 derivante da tali interruzioni o sospensioni, sia in conseguenza di azioni od omissioni di Menarini e\/o delle altre societ\u00e0 del Gruppo Menarini, sia in conseguenza di azioni od omissioni di terzi.\nMenarini e le altre societ\u00e0 del Gruppo Menarini si riservano inoltre il diritto di apportare modifiche, correzioni e miglioramenti alle informazioni e ai vari contenuti del Sito in qualsiasi momento e senza preavviso.<\/p>\n\n\n\n<h3 class=\"wp-block-heading\">4. Siti web e link di terze parti<\/h3>\n\n\n\n<p class=\"translation-block\">Questo Sito Web pu\u00f2 contenere riferimenti o link ad altri siti web gestiti da terzi sui quali Menarini non ha alcun controllo. Tali link sono forniti solo per comodit\u00e0 del visitatore\/utente. Allo stesso modo, questo Sito Web pu\u00f2 essere accessibile da link di terze parti su cui Menarini non ha alcun controllo. Menarini non fornisce alcuna garanzia o dichiarazione di alcun tipo in merito all'accuratezza, all'attualit\u00e0 o alla completezza delle informazioni contenute in tali siti web di terzi, comprese le piattaforme di social media o di applicazioni mobili di terzi. L'inclusione di un link di terze parti sul presente Sito Web non implica un'approvazione o una raccomandazione da parte di Menarini e un link al presente Sito Web da un altro sito web non implica una relazione tra Menarini e le terze parti. L'UTILIZZO DA PARTE DEGLI UTENTI\/VISITATORI DI TALI SITI O PIATTAFORME DI TERZE PARTI \u00c8 A LORO RISCHIO E PERICOLO E SAR\u00c0 REGOLATO DAI TERMINI E CONDIZIONI E DALLE POLITICHE DI TALI TERZE PARTI (INCLUSA LA LORO INFORMATIVA SULLA PRIVACY). Le informazioni contenute in tali siti esterni possono non essere in linea con la normativa vigente e sono in ogni caso completamente indipendenti e fuori dal controllo di Menarini e delle altre societ\u00e0 del Gruppo Menarini, che pertanto non si assumono - e non possono assumersi - alcuna responsabilit\u00e0 al riguardo.\nI link al presente Sito sono consentiti solo se rimandano effettivamente alla relativa home page. In ogni caso, essi non implicano alcuna condivisione o compartecipazione ai contenuti del sito di origine - cio\u00e8 del sito da cui viene attivato il link - n\u00e9, ovviamente, possono comportare alcuna assunzione di responsabilit\u00e0 da parte di Menarini e delle altre societ\u00e0 del Gruppo Menarini. Il deep linking da siti esterni alle pagine di questo Sito che sono successive alla home page non \u00e8 consentito a meno che Menarini non dia il suo consenso scritto.<\/p>\n\n\n\n<h3 class=\"wp-block-heading\">5. Contatti<\/h3>\n\n\n\n<p class=\"translation-block\">Utilizzando il link nella sezione \"contattaci\" a pi\u00e8 di pagina di questo Sito Web, sarete indirizzati al modulo di contatto.\nFatti salvi i Termini e Condizioni applicabili stabiliti nell'informativa sulla privacy, qualsiasi comunicazione o altro materiale che l'utente ci invia attraverso Internet o che sottopone a Menarini per posta elettronica o in altro modo, come domande, commenti, suggerimenti o simili, \u00e8 e sar\u00e0 considerato non confidenziale e Menarini non avr\u00e0 alcun obbligo di alcun tipo rispetto a tali informazioni. Menarini sar\u00e0 libera di utilizzare qualsiasi idea, concetto, know-how o tecnica contenuta in tali comunicazioni per qualsiasi scopo, incluso, a titolo esemplificativo, lo sviluppo, la produzione e la commercializzazione di prodotti.<\/p>\n\n\n\n<h3 class=\"wp-block-heading\">6. Varie<\/h3>\n\n\n\n<p class=\"translation-block\">Menarini e le altre societ\u00e0 del Gruppo Menarini si riservano il diritto di rivedere e aggiornare periodicamente i presenti Termini e Condizioni. Poich\u00e9 tali revisioni sono vincolanti per l'utente\/visitatore del Sito, quest'ultimo \u00e8 invitato a consultare periodicamente questa pagina per essere a conoscenza di eventuali aggiornamenti.\nGli accessi al Sito possono essere registrati solo a fini statistici, per garantire la continuit\u00e0 del servizio e il miglioramento del Sito.\nI presenti Termini e Condizioni sono disciplinati dalle leggi sostanziali della Svizzera, ad esclusione delle disposizioni sul conflitto di leggi. Qualsiasi azione legale, reclamo o procedimento relativo al presente Sito Web sar\u00e0 soggetto alla giurisdizione esclusiva dei tribunali della citt\u00e0 di Zurigo.<\/p>\n\n<\/div>\n\n\n\n<p><\/p>","protected":false},"excerpt":{"rendered":"","protected":false},"author":1,"featured_media":0,"parent":0,"menu_order":0,"comment_status":"closed","ping_status":"closed","template":"","meta":{"_acf_changed":false,"inline_featured_image":false,"footnotes":""},"class_list":["post-12","page","type-page","status-publish","hentry"],"acf":[],"_links":{"self":[{"href":"https:\/\/kaleidon-tribiotic.ch\/it\/wp-json\/wp\/v2\/pages\/12","targetHints":{"allow":["GET"]}}],"collection":[{"href":"https:\/\/kaleidon-tribiotic.ch\/it\/wp-json\/wp\/v2\/pages"}],"about":[{"href":"https:\/\/kaleidon-tribiotic.ch\/it\/wp-json\/wp\/v2\/types\/page"}],"author":[{"embeddable":true,"href":"https:\/\/kaleidon-tribiotic.ch\/it\/wp-json\/wp\/v2\/users\/1"}],"replies":[{"embeddable":true,"href":"https:\/\/kaleidon-tribiotic.ch\/it\/wp-json\/wp\/v2\/comments?post=12"}],"version-history":[{"count":4,"href":"https:\/\/kaleidon-tribiotic.ch\/it\/wp-json\/wp\/v2\/pages\/12\/revisions"}],"predecessor-version":[{"id":120,"href":"https:\/\/kaleidon-tribiotic.ch\/it\/wp-json\/wp\/v2\/pages\/12\/revisions\/120"}],"wp:attachment":[{"href":"https:\/\/kaleidon-tribiotic.ch\/it\/wp-json\/wp\/v2\/media?parent=12"}],"curies":[{"name":"wp","href":"https:\/\/api.w.org\/{rel}","templated":true}]}}