{"id":15,"date":"2025-03-19T08:22:50","date_gmt":"2025-03-19T08:22:50","guid":{"rendered":"https:\/\/kaleidon-tribiotic.ch\/?page_id=15"},"modified":"2026-04-08T11:38:37","modified_gmt":"2026-04-08T11:38:37","slug":"kaleidon","status":"publish","type":"page","link":"https:\/\/kaleidon-tribiotic.ch\/it\/","title":{"rendered":"Kaleidon"},"content":{"rendered":"<div class=\"wp-bootstrap-blocks-container container-fluid mb-2 bg_header pb-5 pt-5\">\n\t\n<div class=\"wp-bootstrap-blocks-container container mb-2\">\n\t\n\n<p><a href=\"#\" class=\"jetzt-kaufen-mobil kaufen-shops d-block d-md-none\" data-bs-toggle=\"modal\" data-bs-target=\"#shopModal\">Acquisti ora<\/a><\/p>\n\n\n\n<h1 class=\"wp-block-heading\">Cos\u2019\u00e8 realmente <span>KALEIDON<\/span> TRIBIOTIC+?<br>Beh, lo chieda al suo intestino.<\/h1>\n\n\n<div class=\"wp-bootstrap-blocks-row row kmf-row\">\n\t\n\n<div class=\"col-12 col-md-8\">\n\t\t\t\n\n<h3 class=\"wp-block-heading mb-3 text-uppercase\">CAPIRE L\u2019INTESTINO \u00c8 SEMPLICISSIMO.<\/h3>\n\n\n\n<p>L\u2019intestino non \u00e8 solo un organo dell\u2019apparato digerente: ospitando miliardi di cellule immunitarie, infatti, rappresenta anche un importante \u00aborgano immunitario\u00bb.<sup>1<\/sup><\/p>\n\n\t<\/div>\n\n\n\n<div class=\"col-12 col-md-4 s2\">\n\t\t\t<div class=\"h-100 d-flex flex-column justify-content-center\">\n\t\t\t\n\n<div class=\"h-100 d-flex flex-column justify-content-center align-items-center\">\n\n    <div class=\"hefe-circle d-flex justify-content-center align-items-center\">\n      <div class=\"hefe-text\"><span style=\"font-size:70px\"><span style=\"font-size:40px\">NUOVO<\/span><\/span>\n      <\/div>\n    <\/div>\n  \n<\/div>\n\n\t\t<\/div>\n\t<\/div>\n\n<\/div>\n\n<\/div>\n\n<\/div>\n\n\n<div class=\"wp-bootstrap-blocks-container container-fluid mb-2 packshot mb-5 pb-5\">\n\t\n<div class=\"wp-bootstrap-blocks-container container mb-2\">\n\t\n\n<figure class=\"wp-block-image size-full\"><img loading=\"lazy\" decoding=\"async\" width=\"2500\" height=\"1259\" class=\"img-fluid\" src=\"https:\/\/kaleidon-tribiotic.ch\/wp-content\/uploads\/2025\/04\/packshot-1.webp\" alt=\"\" srcset=\"https:\/\/kaleidon-tribiotic.ch\/wp-content\/uploads\/2025\/04\/packshot-1.webp 2500w, https:\/\/kaleidon-tribiotic.ch\/wp-content\/uploads\/2025\/04\/packshot-1-300x151.webp 300w, https:\/\/kaleidon-tribiotic.ch\/wp-content\/uploads\/2025\/04\/packshot-1-1024x516.webp 1024w, https:\/\/kaleidon-tribiotic.ch\/wp-content\/uploads\/2025\/04\/packshot-1-768x387.webp 768w, https:\/\/kaleidon-tribiotic.ch\/wp-content\/uploads\/2025\/04\/packshot-1-1536x774.webp 1536w, https:\/\/kaleidon-tribiotic.ch\/wp-content\/uploads\/2025\/04\/packshot-1-2048x1031.webp 2048w\" sizes=\"auto, (max-width: 2500px) 100vw, 2500px\" \/><\/figure>\n\n\n\n<p class=\"has-text-align-center unter-packshot\" id=\"zink\"><span>KALEIDON<\/span> TRIBIOTIC+ combina lo zinco, che viene assorbito nell\u2019intestino, con il nostro esclusivo lievito<sup>#<\/sup>. L\u2019oligoelemento essenziale zinco contribuisce alla normale funzione del sistema immunitario e al normale metabolismo dei macronutrienti.<\/p>\n\n<\/div>\n\n<\/div>\n\n\n<div class=\"wp-bootstrap-blocks-container container-fluid mb-2 block-nahrung mt-5 mb-5\">\n\t\n<div class=\"wp-bootstrap-blocks-container container mb-2\">\n\t\n\n<h3 class=\"wp-block-heading\" id=\"nahrungsergaenzung\">INTEGRAZIONE ALIMENTARE CON KALEIDON TRIBIOTIC+<\/h3>\n\n\n\n<p class=\"sub mb-5\">La scelta facile<\/p>\n\n\n<div class=\"wp-bootstrap-blocks-row row  d-flex align-items-center\">\n\t\n\n<div class=\"col-12 col-md-6 d-flex flex-column justify-content-center\">\n\t\t\t\n<div class=\"wp-bootstrap-blocks-row row reihe-icon\">\n\t\n\n<div class=\"col-12 col-md-4  d-flex align-items-center\">\n\t\t\t\n\n<figure class=\"wp-block-image size-large\"><img loading=\"lazy\" decoding=\"async\" width=\"140\" height=\"141\" class=\"img-fluid\" src=\"https:\/\/kaleidon-tribiotic.ch\/wp-content\/uploads\/2025\/04\/icon1-1.svg\" alt=\"\"\/><\/figure>\n\n\t<\/div>\n\n\n\n<div class=\"col-12 col-md-8  d-flex align-items-center tab-nahrung-text\">\n\t\t\t\n\n<p><strong>Somministrazione semplice<\/strong>\u2028<br>1 capsula al giorno<\/p>\n\n\t<\/div>\n\n<\/div>\n\n\n<div class=\"wp-bootstrap-blocks-row row reihe-icon\">\n\t\n\n<div class=\"col-12 col-md-4  d-flex align-items-center\">\n\t\t\t\n\n<figure class=\"wp-block-image size-large\"><img loading=\"lazy\" decoding=\"async\" width=\"140\" height=\"141\" class=\"img-fluid\" src=\"http:\/\/kaleidon-tribiotic.ch\/wp-content\/uploads\/2025\/04\/icon2-1.svg\" alt=\"\"\/><\/figure>\n\n\t<\/div>\n\n\n\n<div class=\"col-12 col-md-8  d-flex align-items-center tab-nahrung-text\">\n\t\t\t\n\n<p><strong>Programmazione semplice<\/strong><br>Utilizzabile insieme agli antibiotici<\/p>\n\n\t<\/div>\n\n<\/div>\n\n\n<div class=\"wp-bootstrap-blocks-row row reihe-icon\">\n\t\n\n<div class=\"col-12 col-md-4  d-flex align-items-center\">\n\t\t\t\n\n<figure class=\"wp-block-image size-large\"><img loading=\"lazy\" decoding=\"async\" width=\"140\" height=\"136\" class=\"img-fluid\" src=\"http:\/\/kaleidon-tribiotic.ch\/wp-content\/uploads\/2025\/04\/icon3-1.svg\" alt=\"\"\/><\/figure>\n\n\t<\/div>\n\n\n\n<div class=\"col-12 col-md-8  d-flex align-items-center tab-nahrung-text\">\n\t\t\t\n\n<p><strong>Decisione semplice<\/strong>\u2028<br>Compatibile con un\u2019ampia variet\u00e0 di esigenze alimentari: prodotto vegano, senza lattosio, senza glutine<\/p>\n\n\t<\/div>\n\n<\/div>\n\n\t<\/div>\n\n\n\n<div class=\"col-12 col-md-6  d-flex align-items-center\">\n\t\t\t\n\n<figure class=\"wp-block-image size-full\"><img loading=\"lazy\" decoding=\"async\" width=\"1052\" height=\"996\" class=\"img-fluid\" src=\"https:\/\/kaleidon-tribiotic.ch\/wp-content\/uploads\/2025\/04\/kaleidon-packshot-stoerer_it.webp\" alt=\"\" srcset=\"https:\/\/kaleidon-tribiotic.ch\/wp-content\/uploads\/2025\/04\/kaleidon-packshot-stoerer_it.webp 1052w, https:\/\/kaleidon-tribiotic.ch\/wp-content\/uploads\/2025\/04\/kaleidon-packshot-stoerer_it-300x284.webp 300w, https:\/\/kaleidon-tribiotic.ch\/wp-content\/uploads\/2025\/04\/kaleidon-packshot-stoerer_it-1024x969.webp 1024w, https:\/\/kaleidon-tribiotic.ch\/wp-content\/uploads\/2025\/04\/kaleidon-packshot-stoerer_it-768x727.webp 768w, https:\/\/kaleidon-tribiotic.ch\/wp-content\/uploads\/2025\/04\/kaleidon-packshot-stoerer_it-13x12.webp 13w\" sizes=\"auto, (max-width: 1052px) 100vw, 1052px\" \/><\/figure>\n\n\t<\/div>\n\n<\/div>\n\n\n\n<p class=\"has-text-align-center fussnote mt-4\">1: B. M. Br\u00f6ker und B. Fleischer, Grundwissen Immunologie, 5a edizione, Springer Spektrum. https:\/\/doi.org\/10.1007\/978-3-662-66424-7_1<br><em> # Kluyveromyces marxianus fragilis B0399<\/em><br> 1 capsula al giorno. Gli integratori alimentari non sostituiscono una dieta varia e bilanciata e uno stile di vita sano.<\/p>\n\n<\/div>\n\n<\/div>\n\n\n<div class=\"wp-bootstrap-blocks-container container-fluid mb-0 bg_gruen pb-5 pt-5\">\n\t\n\n<h2 class=\"wp-block-heading has-text-align-center text-center mb-4\">Acquisti ora <span>KALEIDON<\/span> TRIBIOTIC+<\/h2>\n\n\n\n<div class=\"text-center\">\n    <a href=\"#\" class=\"shop-button kaufen-shops\" data-bs-toggle=\"modal\" data-bs-target=\"#shopModal\">\n      All\u2019online shop \n      <svg class=\"arrow\" xmlns=\"http:\/\/www.w3.org\/2000\/svg\" width=\"16\" height=\"16\" viewbox=\"0 0 24 24\" fill=\"none\">\n        <path d=\"M13.1719 5.03125C12.8906 4.75 12.8906 4.29688 13.1719 4.01562C13.4531 3.73438 13.9062 3.73438 14.1875 4.01562L21.4375 11.2656C21.7188 11.5469 21.7188 12 21.4375 12.2812L14.1875 19.5312C13.9062 19.8125 13.4531 19.8125 13.1719 19.5312C12.8906 19.25 12.8906 18.7969 13.1719 18.5156L19.4375 12.25H3C2.625 12.25 2.25 11.9375 2.25 11.5C2.25 11.125 2.625 10.75 3 10.75H19.4375L13.1719 5.03125Z\" fill=\"currentColor\"><\/path>\n      <\/svg>\n    <\/a>\n  <\/div>\n\n<\/div>\n\n\n<div class=\"wp-bootstrap-blocks-container container-fluid mb-0 bg_lila pb-5 pt-5\">\n\t\n<div class=\"wp-bootstrap-blocks-container container mb-0\">\n\t\n<div class=\"wp-bootstrap-blocks-container container-fluid mb-2 block-mikrobiom mt-5 mb-5\">\n\t\n<div class=\"wp-bootstrap-blocks-container container mb-2\">\n\t\n\n<h2 class=\"wp-block-heading big mb-4 pb-4\" id=\"mikrobiom\">IL MICROBIOMA INTESTINALE<\/h2>\n\n\n\n<h3 class=\"wp-block-heading mt-4\">NELL\u2019INTESTINO SUCCEDE SEMPRE QUALCOSA!<\/h3>\n\n\n\n<p class=\"mb-5 translation-block\">L\u2019intestino non \u00e8 solo il nostro organo digerente, ma \u00e8 anche l\u2019habitat di miliardi e\nmiliardi di minuscoli esseri viventi, i cosiddetti microrganismi: <strong>batteri, virus, lieviti\ne funghi.<\/strong> L\u2019insieme di tutti i microrganismi che vivono nel nostro organismo \u00e8\nchiamato <strong>microbioma.<\/strong><\/p>\n\n\n\n<h3 class=\"wp-block-heading\" id=\"mikrobiom\">COSA FA IL MICROBIOMA NELL\u2019INTESTINO?<\/h3>\n\n\n\n<p class=\"mb-5\">\u00c8 ormai ampiamente dimostrato che un microbioma intestinale sano \u00e8 importante\nper la nostra salute generale. Tuttavia, non \u00e8 possibile dare una definizione esatta\ne universale di come debba apparire una flora intestinale sana. Questo perch\u00e9 il\nmicrobioma di ogni persona \u00e8 composto da microrganismi diversi. In generale, per\u00f2,\nvale la regola seguente: pi\u00f9 vario \u00e8 il microbioma, meglio \u00e8! Tuttavia, il microbioma\nnon rimane sempre uguale: al contrario, cambia di continuo, ad esempio a causa di\nci\u00f2 che mangiamo, dell\u2019ambiente in cui viviamo o della nostra et\u00e0.<\/p>\n\n\n\n<p class=\"sub mb-5\">Il microbioma del nostro intestino svolge numerose funzioni:<\/p>\n\n\n<div class=\"wp-bootstrap-blocks-row row\">\n\t\n\n<div class=\"col-12 col-md-6\">\n\t\t\t\n<div class=\"wp-bootstrap-blocks-row row mb-4 reihe-icon\">\n\t\n\n<div class=\"col-12 col-md-4  d-flex align-items-center ps-0 pe-0 ps-md-3 pe-md-3\">\n\t\t\t\n\n<figure class=\"wp-block-image size-large\"><img loading=\"lazy\" decoding=\"async\" width=\"76\" height=\"76\" class=\"img-fluid\" src=\"https:\/\/kaleidon-tribiotic.ch\/wp-content\/uploads\/2025\/04\/blau1.svg\" alt=\"\"\/><\/figure>\n\n\t<\/div>\n\n\n\n<div class=\"col-12 col-md-8  d-flex align-items-center tab-nahrung-text\">\n\t\t\t\n\n<p><strong>Digestione e metabolismo:<\/strong><br>Aiuta a scomporre e ad assimilare i nutrienti e influisce sull\u2019assorbimento di grassi e zuccheri nell\u2019organismo.<\/p>\n\n\t<\/div>\n\n<\/div>\n\n\n<div class=\"wp-bootstrap-blocks-row row mb-4 reihe-icon\">\n\t\n\n<div class=\"col-12 col-md-4  d-flex align-items-center ps-0 pe-0 ps-md-3 pe-md-3\">\n\t\t\t\n\n<figure class=\"wp-block-image size-large\"><img loading=\"lazy\" decoding=\"async\" width=\"76\" height=\"76\" class=\"img-fluid\" src=\"https:\/\/kaleidon-tribiotic.ch\/wp-content\/uploads\/2025\/04\/blau3.svg\" alt=\"\"\/><\/figure>\n\n\t<\/div>\n\n\n\n<div class=\"col-12 col-md-8  d-flex align-items-center tab-nahrung-text\">\n\t\t\t\n\n<p><strong>Salute mentale:<\/strong>\u2028<br>Influisce sul nostro comportamento e sull\u2019umore attraverso il cosiddetto \u00abasse intestino-cervello\u00bb, comunicando con il cervello attraverso il flusso sanguigno e il sistema nervoso.<\/p>\n\n\t<\/div>\n\n<\/div>\n\n\t<\/div>\n\n\n\n<div class=\"col-12 col-md-6\">\n\t\t\t\n<div class=\"wp-bootstrap-blocks-row row mb-4 reihe-icon\">\n\t\n\n<div class=\"col-12 col-md-4  d-flex align-items-center ps-0 pe-0 ps-md-3 pe-md-3\">\n\t\t\t\n\n<figure class=\"wp-block-image size-large\"><img loading=\"lazy\" decoding=\"async\" width=\"76\" height=\"76\" class=\"img-fluid\" src=\"https:\/\/kaleidon-tribiotic.ch\/wp-content\/uploads\/2025\/04\/blau4.svg\" alt=\"\"\/><\/figure>\n\n\t<\/div>\n\n\n\n<div class=\"col-12 col-md-8  d-flex align-items-center tab-nahrung-text\">\n\t\t\t\n\n<p><strong>Sistema immunitario:<\/strong>\u2028<br>L'intestino \u00e8 il nostro pi\u00f9 grande organo immunitario e i microrganismi che vi abitano partecipano alla difesa contro gli organismi indesiderati.<\/p>\n\n\t<\/div>\n\n<\/div>\n\n\n<div class=\"wp-bootstrap-blocks-row row reihe-icon\">\n\t\n\n<div class=\"col-12 col-md-4  d-flex align-items-center ps-0 pe-0 ps-md-3 pe-md-3\">\n\t\t\t\n\n<figure class=\"wp-block-image size-large\"><img loading=\"lazy\" decoding=\"async\" width=\"76\" height=\"76\" class=\"img-fluid\" src=\"https:\/\/kaleidon-tribiotic.ch\/wp-content\/uploads\/2025\/04\/blau5.svg\" alt=\"\"\/><\/figure>\n\n\t<\/div>\n\n\n\n<div class=\"col-12 col-md-8  d-flex align-items-center tab-nahrung-text\">\n\t\t\t\n\n<p><strong>Barriera intestinale:<\/strong>\u2028<br>Supporta la funzione della parete intestinale nel tenere alla larga sostanze nocive e organismi indesiderati.<\/p>\n\n\t<\/div>\n\n<\/div>\n\n\t<\/div>\n\n<\/div>\n\n<\/div>\n\n<\/div>\n\n<\/div>\n\n<\/div>","protected":false},"excerpt":{"rendered":"","protected":false},"author":1,"featured_media":0,"parent":0,"menu_order":0,"comment_status":"closed","ping_status":"closed","template":"","meta":{"_acf_changed":false,"inline_featured_image":false,"footnotes":""},"class_list":["post-15","page","type-page","status-publish","hentry"],"acf":[],"_links":{"self":[{"href":"https:\/\/kaleidon-tribiotic.ch\/it\/wp-json\/wp\/v2\/pages\/15","targetHints":{"allow":["GET"]}}],"collection":[{"href":"https:\/\/kaleidon-tribiotic.ch\/it\/wp-json\/wp\/v2\/pages"}],"about":[{"href":"https:\/\/kaleidon-tribiotic.ch\/it\/wp-json\/wp\/v2\/types\/page"}],"author":[{"embeddable":true,"href":"https:\/\/kaleidon-tribiotic.ch\/it\/wp-json\/wp\/v2\/users\/1"}],"replies":[{"embeddable":true,"href":"https:\/\/kaleidon-tribiotic.ch\/it\/wp-json\/wp\/v2\/comments?post=15"}],"version-history":[{"count":120,"href":"https:\/\/kaleidon-tribiotic.ch\/it\/wp-json\/wp\/v2\/pages\/15\/revisions"}],"predecessor-version":[{"id":231,"href":"https:\/\/kaleidon-tribiotic.ch\/it\/wp-json\/wp\/v2\/pages\/15\/revisions\/231"}],"wp:attachment":[{"href":"https:\/\/kaleidon-tribiotic.ch\/it\/wp-json\/wp\/v2\/media?parent=15"}],"curies":[{"name":"wp","href":"https:\/\/api.w.org\/{rel}","templated":true}]}}